{"id":98,"date":"2014-11-27T18:41:11","date_gmt":"2014-11-27T17:41:11","guid":{"rendered":"http:\/\/www.fluechtlingsinitiative-eckental.de\/?page_id=98"},"modified":"2026-05-12T19:54:13","modified_gmt":"2026-05-12T17:54:13","slug":"sachspenden","status":"publish","type":"page","link":"https:\/\/www.fleck-ev.de\/?page_id=98","title":{"rendered":"Sachspenden"},"content":{"rendered":"<p>Folgende Gegenst\u00e4nde suchen wir f\u00fcr Gefl\u00fcchtete in den Unterk\u00fcnften, bzw. anerkannte Asylbewerber.<br \/>\nFalls Sie etwas von dieser Liste beisteuern k\u00f6nnen und spenden m\u00f6chten, dann senden Sie bitte<\/p>\n<p>eine Email an:\u00a0\u00a0\u00a0\u00a0\u00a0\u00a0\u00a0\u00a0\u00a0\u00a0 \u00a0<a href=\"mailto:sachspenden@fleck-ev.de\">Sachspenden@fleck-ev.de<\/a><\/p>\n<p>(bitte\u00a0 mit Angabe Ihrer Telefonnummer und &#8211; f\u00fcr die Abholung &#8211; bitte m\u00f6glichst gleich auch mit der Abhol-Adresse)..<br \/>\nSie erreichen uns jederzeit gerne auch telefonisch unter der<\/p>\n<p><strong>\u00a0 \u00a0 \u00a0 \u00a0 \u00a0 \u00a0 \u00a0 \u00a0Tel.Nr.\u00a0 \u00a0 \u00a0 \u00a009126\/2893878\u00a0 \u00a0 \u00a0oder\u00a0 \u00a0 0172\/1076529.<\/strong><\/p>\n<p>Falls Sie uns nicht direkt telefonisch erreichen, w\u00e4re es nett, wenn Sie uns eine Nachricht auf die Mailbox sprechen.<br \/>\nWir setzen uns dann umgehend mit Ihnen in Verbindung und holen die Spenden gerne (nat\u00fcrlich nach vorheriger telef. Terminvereinbarung) direkt bei Ihnen ab!<\/p>\n<p>Wir freuen uns sehr \u00fcber Ihr\u00a0Spendenangebot!<\/p>\n<p>Herzlichen Dank!<\/p>\n<p>Renate Hofmann<br \/>\nKoordination Sachspenden FLEck e.v.<\/p>\n<p><em><strong>Stand:\u00a0 12.05.2026<\/strong><\/em><em><strong><br \/>\n<\/strong><\/em><\/p>\n<h2>&#8212;&#8212;&#8212;&#8212;&#8212;&#8212;&#8212;&#8212;&#8212;&#8212;&#8212;&#8212;&#8212;&#8212;&#8212;&#8212;&#8212;&#8212;&#8212;&#8212;&#8212;&#8212;&#8212;&#8212;&#8212;<\/h2>\n<h1><span style=\"color: #ff0000;\">aktuell ben\u00f6tigen wir:<br \/>\n&#8212;&#8212;&#8212;&#8212;&#8212;&#8212;&#8212;&#8212;&#8212;&#8212;&#8212;&#8212;&#8212;&#8212;&#8212;&#8212;&#8212;&#8212;&#8212;<\/span><\/h1>\n<h1><em><span style=\"color: #ff0000;\">Matratze 90&#215;190, 90&#215;200 und 100&#215;200<\/span><\/em><\/h1>\n<h1><em><span style=\"color: #ff0000;\">Spannbettt\u00fccher 90\/200 bis 180\/200<\/span><\/em><\/h1>\n<h1><em><span style=\"color: #ff0000;\">Staubsauger\u00a0 !!<\/span><\/em><\/h1>\n<h1><em><span style=\"color: #ff0000;\">Mikrowelle\u00a0 <\/span><\/em><\/h1>\n<h1><span style=\"color: #ff0000;\"><em>W\u00e4schest\u00e4nder<\/em><\/span><\/h1>\n<h1><span style=\"color: #ff0000;\"><em>B\u00fcgeleisen <\/em><\/span><\/h1>\n<h1><span style=\"color: #ff0000;\"><em>Wasserkocher<br \/>\n<\/em><\/span><\/h1>\n<h2><em><span style=\"color: #ff0000;\">Regenschirme\u00a0 f\u00fcr Erwachsene u. Kinder<\/span><\/em><\/h2>\n<h1><em><span style=\"color: #ff0000;\">funktionsf\u00e4hige Digital-Receiver f\u00fcr TV<\/span><\/em><\/h1>\n<h3>Mixer\/R\u00fchrger\u00e4t und Toaster<\/h3>\n<h3>F\u00f6hn<\/h3>\n<h3><\/h3>\n<h1><strong><span style=\"color: #ff0000;\">gro\u00dfe T\u00f6pfe und Pfannen\u00a0 !!!<br \/>\nSchnellkochtopf<\/span><\/strong><\/h1>\n<h2><em><span style=\"color: #ff0000;\">tiefe Teller (Suppenteller) oder Tafel-\/Kaffee-Service<\/span><\/em><\/h2>\n<h1><em><span style=\"color: #ff0000;\">Essl\u00f6ffel !!<\/span><\/em><\/h1>\n<h3><\/h3>\n<h3><\/h3>\n<p>&nbsp;<\/p>\n<h2><span style=\"color: #008000;\"><em>unsere Fahrrad-Werkstatt sucht:<\/em><\/span><\/h2>\n<p>&#8212;&#8212;&#8212;&#8212;&#8212;&#8212;&#8212;&#8212;&#8212;&#8212;&#8212;&#8212;&#8212;&#8212;&#8212;&#8212;&#8212;&#8212;&#8211;<\/p>\n<h2><em>dringend gesucht:<\/em><\/h2>\n<h2><em><span style=\"color: #ff0000;\">Kinder-und Jugend-Fahrr\u00e4der\u00a0 \u00a0(bis 26 Zoll)<\/span><\/em><\/h2>\n<h2><strong>Fahrradhelme f\u00fcr Kinder und Erwachsene !!<\/strong><\/h2>\n<h2><strong>Fahrradschl\u00f6sser<\/strong><\/h2>\n<h3><strong><span style=\"color: #0000ff;\"><em>Achtung !!<\/em><\/span><\/strong><\/h3>\n<h3><strong><span style=\"color: #0000ff;\"><em>Leider k\u00f6nnen wir aus Gr\u00fcnden der Lagerkapazit\u00e4t im Moment <\/em><\/span><\/strong><strong><span style=\"color: #0000ff;\"><em>keine Fahrr\u00e4der f\u00fcr Erwachsene mehr annehmen.<span style=\"color: #ff00ff;\"><br \/>\n<\/span><\/em><\/span><\/strong><strong><span style=\"color: #0000ff;\"><em><span style=\"color: #ff0000;\">(Ausnahme: Kinder &#8211; und Jugendr\u00e4der)<\/span> <span style=\"color: #ff00ff;\">\u00a0\u00a0<\/span><\/em><\/span><\/strong>_______________________________________________________________________________________________<\/h3>\n<p><strong>Wir freuen uns wirklich sehr \u00fcber Ihre Spendenangebote!<\/strong><\/p>\n<p><strong>Falls Sie Dinge abzugeben haben, die hier nicht aufgef\u00fchrt sind,<br \/>\nbitte einfach kurz Bescheid geben, wir sagen Ihnen dann gerne, ob wir Bedarf daf\u00fcr haben.<\/strong><\/p>\n","protected":false},"excerpt":{"rendered":"<p>Folgende Gegenst\u00e4nde suchen wir f\u00fcr Gefl\u00fcchtete in den Unterk\u00fcnften, bzw. anerkannte Asylbewerber. Falls Sie etwas von dieser Liste beisteuern k\u00f6nnen und spenden m\u00f6chten, dann senden Sie bitte eine Email an:\u00a0\u00a0\u00a0\u00a0\u00a0\u00a0\u00a0\u00a0\u00a0\u00a0 \u00a0Sachspenden@fleck-ev.de (bitte\u00a0 mit Angabe Ihrer Telefonnummer und &#8211; f\u00fcr die Abholung &#8211; bitte m\u00f6glichst gleich auch mit der Abhol-Adresse).. Sie erreichen uns jederzeit gerne auch [&hellip;]<\/p>\n","protected":false},"author":1,"featured_media":0,"parent":0,"menu_order":2,"comment_status":"closed","ping_status":"closed","template":"","meta":{"_mc_calendar":[],"footnotes":""},"class_list":["post-98","page","type-page","status-publish","hentry"],"_links":{"self":[{"href":"https:\/\/www.fleck-ev.de\/index.php?rest_route=\/wp\/v2\/pages\/98","targetHints":{"allow":["GET"]}}],"collection":[{"href":"https:\/\/www.fleck-ev.de\/index.php?rest_route=\/wp\/v2\/pages"}],"about":[{"href":"https:\/\/www.fleck-ev.de\/index.php?rest_route=\/wp\/v2\/types\/page"}],"author":[{"embeddable":true,"href":"https:\/\/www.fleck-ev.de\/index.php?rest_route=\/wp\/v2\/users\/1"}],"replies":[{"embeddable":true,"href":"https:\/\/www.fleck-ev.de\/index.php?rest_route=%2Fwp%2Fv2%2Fcomments&post=98"}],"version-history":[{"count":191,"href":"https:\/\/www.fleck-ev.de\/index.php?rest_route=\/wp\/v2\/pages\/98\/revisions"}],"predecessor-version":[{"id":5138,"href":"https:\/\/www.fleck-ev.de\/index.php?rest_route=\/wp\/v2\/pages\/98\/revisions\/5138"}],"wp:attachment":[{"href":"https:\/\/www.fleck-ev.de\/index.php?rest_route=%2Fwp%2Fv2%2Fmedia&parent=98"}],"curies":[{"name":"wp","href":"https:\/\/api.w.org\/{rel}","templated":true}]}}