{"id":4245,"date":"2023-06-02T16:40:28","date_gmt":"2023-06-02T14:40:28","guid":{"rendered":"http:\/\/www.fleck-ev.de\/?page_id=4245"},"modified":"2025-02-11T09:49:25","modified_gmt":"2025-02-11T08:49:25","slug":"helfen-von-a-bis-z","status":"publish","type":"page","link":"https:\/\/www.fleck-ev.de\/?page_id=4245","title":{"rendered":"Helfen von A bis Z"},"content":{"rendered":"\n<p>Sie haben Lust mitzumachen? Wir freuen uns, wenn Sie sich je nach Kapazit\u00e4ten und individuellen F\u00e4higkeiten und Pr\u00e4ferenzen bei uns einbringen! Alle Arbeitskreise und Koordinatoren sind \u00fcber kontakt@fleck-ev.de erreichbar.<\/p>\n\n\n\n<div style=\"height:66px\" aria-hidden=\"true\" class=\"wp-block-spacer\"><\/div>\n\n\n\n<p class=\"has-vivid-red-color has-text-color has-large-font-size\"><strong>Alltagsbegleitung<\/strong><\/p>\n\n\n\n<p class=\"has-vivid-red-color has-text-color\">Arbeitskreis, Ansprechpartnerin Irmtraut B\u00fchl (irmtraut.buehl@fleck-ev.de)<\/p>\n\n\n\n<p>Die Alltagsbegleiter:innen sind Ansprechpartner:innen f\u00fcr die Gefl\u00fcchteten f\u00fcr alle Belange des Lebens in Deutschland: vor allem der Umgang mit Beh\u00f6rden\/\u00c4mtern und Formularen sind ein Schwerpunkt. Hier haben wir schon viel Erfahrung und gute Beziehungen zu den f\u00fcr &#8222;unsere&#8220; Gefl\u00fcchteten zust\u00e4ndigen Stellen. Wir werden tatkr\u00e4ftig unterst\u00fctzt von Sandra K\u00f6tter und Christian Lohmann von der Caritas. Ebenfalls wichtige Themen sind Gesundheit, Vereine, Kindergarten\/Krippe, Schule, Ausbildung und Beruf\/Arbeit. Die ehrenamtlichen Helfer:innen k\u00f6nnen &#8211; und m\u00fcssen! &#8211; selbst bestimmen, wieviel Zeit sie investieren: das kann eine Stunde pro Woche sein, aber nat\u00fcrlich auch mehr. Wir haben einen &#8222;Ehrenkodex&#8220;, dem wir uns verpflichten und den wir immer im Hinterkopf haben sollten. Der Arbeitskreis trifft sich etwa alle 6 Wochen zum gegenseitigen Austausch, f\u00fcr aktuelle Informationen (z.B. zu neuen Gesetzen) und Supervision.<\/p>\n\n\n\n<hr class=\"wp-block-separator has-alpha-channel-opacity\"\/>\n\n\n\n<p class=\"has-vivid-red-color has-text-color has-large-font-size\"><strong>Caf\u00e9 FLEck \/ Arbeitskreis FUN <\/strong><\/p>\n\n\n\n<p class=\"has-medium-font-size\"><\/p>\n\n\n\n<p class=\"has-vivid-red-color has-text-color\">Ansprechpartnerin Dagmar B\u00f6ttcher (dagmar.boettcher@fleck-ev.de)<\/p>\n\n\n\n<p>Unser Begegnungscaf\u00e9 findet alle 6-8 Wochen in der Pfarrscheune in Eschenau (neben St.Bartholom\u00e4us) statt und steht allen Eckentaler:innen offen. Die ehrenamtlichen Helfer:innen k\u00fcmmern sich um eine gem\u00fctliche Atmosph\u00e4re, bereiten Getr\u00e4nke und Kuchen (Kuchenspenden sind immer herzlich willkommen!) vor und es gibt immer ein Spiel- oder Bastelangebot f\u00fcr Kinder. Der Arbeitskreis organisiert au\u00dferdem FLEckNight, ein gemeinsames Grillfest im Sommer auf dem Eckentaler Grillplatz und ein- bis zweimal pro Jahr eine Frauendisco.<\/p>\n\n\n\n<hr class=\"wp-block-separator has-alpha-channel-opacity\"\/>\n\n\n\n<p class=\"has-vivid-red-color has-text-color has-large-font-size\"><strong>Fahrradwerkstatt <\/strong><\/p>\n\n\n\n<p class=\"has-vivid-red-color has-text-color\">Koordinator Willi M\u00fcntjes (willi.muentjes@fleck-ev.de)<\/p>\n\n\n\n<p>Unsere Fahrradwerkstatt befindet sich in der BIMA (Regierungsunterkunft Bismarckstr. 20 in Forth) und hat jeden Samstag zwischen 10.30 und 12.30 Uhr ge\u00f6ffnet. Hier werden gespendete Fahrr\u00e4der aufbereitet und gegen eine geringe Geb\u00fchr an Gefl\u00fcchtete abgegeben. Au\u00dferdem k\u00f6nnen die Gefl\u00fcchteten vorbeikommen, wenn Reparaturen durchzuf\u00fchren sind. Damit zuverl\u00e4ssig ge\u00f6ffnet werden kann und nicht jeder aus dem Team jeden Samstag da sein muss, freuen sich unsere Schrauber \u00fcber weitere Helfer:innen: gerne melden bei Willi M\u00fcntjes unter 0171 \/ 175 74 27.<\/p>\n\n\n\n<hr class=\"wp-block-separator has-alpha-channel-opacity\"\/>\n\n\n\n<p class=\"has-vivid-red-color has-text-color has-large-font-size\"><strong>FLEck-Net<\/strong><\/p>\n\n\n\n<p class=\"has-vivid-red-color has-text-color\">Ansprechpartnerin Katharina H\u00fcsges (kontakt@fleck-ev.de)<\/p>\n\n\n\n<p>Das FLEck-Net im Interimsgeb\u00e4ude in Eschenau (Ambazac-Str. 5, Raum 025) steht prinzipiell allen Eckentaler:innen offen. Nach Vereinbarung kann man dort an mehreren PCs z.B. Bewerbungen schreiben und ausdrucken oder im Internet recherchieren &#8211; wir bezeichnen es auch gerne als &#8222;\u00f6ffentliches Arbeitszimmer&#8220;. Wer es nutzen m\u00f6chte: bitte anfragen und Termin vereinbaren \u00fcber kontakt@fleck-ev.de.<\/p>\n\n\n\n<hr class=\"wp-block-separator has-alpha-channel-opacity\"\/>\n\n\n\n<p class=\"has-vivid-red-color has-text-color has-large-font-size\"><strong>FORUM<\/strong><\/p>\n\n\n\n<p class=\"has-vivid-red-color has-text-color\">Arbeitskreis, Ansprechpartner Christian Schmidt (christian.schmidt@fleck-ev.de)<\/p>\n\n\n\n<p>Das FLEck FORUM dient dem Austausch zu den unterschiedlichsten Themen mit Ehrenamtlichen und Gefl\u00fcchteten oder auch grunds\u00e4tzlich Interessierten. Dies geschieht zum einen im gem\u00fctlichen Rahmen und moderiertem oder offenem Gespr\u00e4ch, aber auch beim Kinoabend mit Filmgespr\u00e4ch mit Regisseur:innen und Protagonist:innen im Eckentaler Kino oder bei Vortr\u00e4gen (z.B. \u00fcber die Herkunftsl\u00e4nder) und Fortbildungen (beispielsweise \u00fcber den Umgang mit traumatisierten Kindern f\u00fcr ehrenamtliche Helfer:innen). <\/p>\n\n\n\n<hr class=\"wp-block-separator has-alpha-channel-opacity\"\/>\n\n\n\n<p class=\"has-vivid-red-color has-text-color has-large-font-size\"><strong>Nachhilfe<\/strong><\/p>\n\n\n\n<p class=\"has-vivid-red-color has-text-color\">Ansprechpartnerin Tone Wittmann (tone.wittmann@fleck-ev.de)<\/p>\n\n\n\n<p>Damit die Gefl\u00fcchteten die bestm\u00f6glichen Bildungschancen erhalten, ist es FLEck e.V. wichtig, in Schule und Ausbildung zu unterst\u00fctzen. Das reicht vom Betreuen der Hausaufgaben von Grundsch\u00fcler:innen und weiterf\u00fchrenden Schulen bis hin zum Vermitteln von ausbildungsrelevanten Themen auch im Gespr\u00e4ch.<\/p>\n\n\n\n<hr class=\"wp-block-separator has-alpha-channel-opacity\"\/>\n\n\n\n<p class=\"has-vivid-red-color has-text-color has-large-font-size\"><a href=\"https:\/\/www.fleck-ev.de\/?page_id=98\" data-type=\"URL\" data-id=\"https:\/\/www.fleck-ev.de\/?page_id=98\">Sachspenden<\/a><\/p>\n\n\n\n<p class=\"has-vivid-red-color has-text-color\">Koordinatorin Renate Hofmann (renate.hofmann@fleck-ev.de, Tel. 0172-1076529)<\/p>\n\n\n\n<p>F\u00fcr die Sachspenden haben wir eine eigene Rubrik  &#8211; \u00fcber aktuelle Bedarfe informieren wir dort<br>(dazu einfach auf &#8222;Sachspenden&#8220;) klicken.<\/p>\n\n\n\n<hr class=\"wp-block-separator has-alpha-channel-opacity\"\/>\n\n\n\n<p class=\"has-vivid-red-color has-text-color has-large-font-size\"><strong>Sprachtraining<\/strong><\/p>\n\n\n\n<p class=\"has-vivid-red-color has-text-color\">Koordinatorin Tone Wittmann (tone.wittmann@fleck-ev.de)<\/p>\n\n\n\n<p><\/p>\n\n\n\n<p><\/p>\n\n\n\n<p>Sprache ist der Schl\u00fcssel zur Integration und zum Ankommen und Leben in Eckental und Deutschland. FLEck e.V. bietet daher immer wieder Sprach- und Alphabetisierungskurse online und in Pr\u00e4senz an. <br>Am effektivsten lernt sich eine Sprache aber in der direkten Konversation. Wir suchen daher immer wieder Sprachpat:innen, die &#8222;einfach mit dem Gefl\u00fcchteten sprechen&#8220;. Eine Variante bieten Tone Wittmann und Godela Grauer  jeden Dienstag ab 18.00 Uhr im Interimsgeb\u00e4ude Eschenau, Ambazacstr. 5, Raum026. <br>Es geht um Kommunikation in deutscher Sprache, ein bisschen Quatschen und Plaudern \u00fcber Themen des Alltags. <\/p>\n\n\n\n<div style=\"height:45px\" aria-hidden=\"true\" class=\"wp-block-spacer\"><\/div>\n\n\n\n<h2 class=\"wp-block-heading\">Unser Flyer:<\/h2>\n\n\n\n<figure class=\"wp-block-image size-large\"><a href=\"http:\/\/www.fleck-ev.de\/wp-content\/uploads\/2022\/12\/flyer_aussen_mai_21_final-scaled.jpg\"><img loading=\"lazy\" decoding=\"async\" width=\"1024\" height=\"736\" src=\"http:\/\/www.fleck-ev.de\/wp-content\/uploads\/2022\/12\/flyer_aussen_mai_21_final-1024x736.jpg\" alt=\"\" class=\"wp-image-4257\" srcset=\"https:\/\/www.fleck-ev.de\/wp-content\/uploads\/2022\/12\/flyer_aussen_mai_21_final-1024x736.jpg 1024w, https:\/\/www.fleck-ev.de\/wp-content\/uploads\/2022\/12\/flyer_aussen_mai_21_final-300x216.jpg 300w, https:\/\/www.fleck-ev.de\/wp-content\/uploads\/2022\/12\/flyer_aussen_mai_21_final-768x552.jpg 768w, https:\/\/www.fleck-ev.de\/wp-content\/uploads\/2022\/12\/flyer_aussen_mai_21_final-1536x1104.jpg 1536w, https:\/\/www.fleck-ev.de\/wp-content\/uploads\/2022\/12\/flyer_aussen_mai_21_final-2048x1472.jpg 2048w\" sizes=\"auto, (max-width: 1024px) 100vw, 1024px\" \/><\/a><\/figure>\n\n\n\n<p><\/p>\n\n\n\n<div style=\"height:58px\" aria-hidden=\"true\" class=\"wp-block-spacer\"><\/div>\n\n\n\n<figure class=\"wp-block-image size-large\"><a href=\"http:\/\/www.fleck-ev.de\/wp-content\/uploads\/2022\/12\/flyer_innen_mai_21_final-scaled.jpg\"><img loading=\"lazy\" decoding=\"async\" width=\"1024\" height=\"736\" src=\"http:\/\/www.fleck-ev.de\/wp-content\/uploads\/2022\/12\/flyer_innen_mai_21_final-1024x736.jpg\" alt=\"\" class=\"wp-image-4256\" srcset=\"https:\/\/www.fleck-ev.de\/wp-content\/uploads\/2022\/12\/flyer_innen_mai_21_final-1024x736.jpg 1024w, https:\/\/www.fleck-ev.de\/wp-content\/uploads\/2022\/12\/flyer_innen_mai_21_final-300x216.jpg 300w, https:\/\/www.fleck-ev.de\/wp-content\/uploads\/2022\/12\/flyer_innen_mai_21_final-768x552.jpg 768w, https:\/\/www.fleck-ev.de\/wp-content\/uploads\/2022\/12\/flyer_innen_mai_21_final-1536x1104.jpg 1536w, https:\/\/www.fleck-ev.de\/wp-content\/uploads\/2022\/12\/flyer_innen_mai_21_final-2048x1472.jpg 2048w\" sizes=\"auto, (max-width: 1024px) 100vw, 1024px\" \/><\/a><\/figure>\n","protected":false},"excerpt":{"rendered":"<p>Sie haben Lust mitzumachen? Wir freuen uns, wenn Sie sich je nach Kapazit\u00e4ten und individuellen F\u00e4higkeiten und Pr\u00e4ferenzen bei uns einbringen! Alle Arbeitskreise und Koordinatoren sind \u00fcber kontakt@fleck-ev.de erreichbar. Alltagsbegleitung Arbeitskreis, Ansprechpartnerin Irmtraut B\u00fchl (irmtraut.buehl@fleck-ev.de) Die Alltagsbegleiter:innen sind Ansprechpartner:innen f\u00fcr die Gefl\u00fcchteten f\u00fcr alle Belange des Lebens in Deutschland: vor allem der Umgang mit Beh\u00f6rden\/\u00c4mtern [&hellip;]<\/p>\n","protected":false},"author":4,"featured_media":0,"parent":0,"menu_order":3,"comment_status":"closed","ping_status":"closed","template":"","meta":{"_mc_calendar":[],"footnotes":""},"class_list":["post-4245","page","type-page","status-publish","hentry"],"_links":{"self":[{"href":"https:\/\/www.fleck-ev.de\/index.php?rest_route=\/wp\/v2\/pages\/4245","targetHints":{"allow":["GET"]}}],"collection":[{"href":"https:\/\/www.fleck-ev.de\/index.php?rest_route=\/wp\/v2\/pages"}],"about":[{"href":"https:\/\/www.fleck-ev.de\/index.php?rest_route=\/wp\/v2\/types\/page"}],"author":[{"embeddable":true,"href":"https:\/\/www.fleck-ev.de\/index.php?rest_route=\/wp\/v2\/users\/4"}],"replies":[{"embeddable":true,"href":"https:\/\/www.fleck-ev.de\/index.php?rest_route=%2Fwp%2Fv2%2Fcomments&post=4245"}],"version-history":[{"count":30,"href":"https:\/\/www.fleck-ev.de\/index.php?rest_route=\/wp\/v2\/pages\/4245\/revisions"}],"predecessor-version":[{"id":4945,"href":"https:\/\/www.fleck-ev.de\/index.php?rest_route=\/wp\/v2\/pages\/4245\/revisions\/4945"}],"wp:attachment":[{"href":"https:\/\/www.fleck-ev.de\/index.php?rest_route=%2Fwp%2Fv2%2Fmedia&parent=4245"}],"curies":[{"name":"wp","href":"https:\/\/api.w.org\/{rel}","templated":true}]}}