{"id":30,"date":"2014-11-14T02:50:02","date_gmt":"2014-11-14T00:50:02","guid":{"rendered":"http:\/\/fleck.web2.hosting.netlogix.de\/?page_id=30"},"modified":"2023-07-06T11:43:17","modified_gmt":"2023-07-06T09:43:17","slug":"mitglied-werden","status":"publish","type":"page","link":"https:\/\/www.fleck-ev.de\/?page_id=30","title":{"rendered":"Mitglied werden"},"content":{"rendered":"<p>Wir laden Personen und Organisationen ein, sich der Fl\u00fcchtlingsinitiative Eckental anzuschlie\u00dfen. Mit der Mitgliedschaft kann ein ehrenamtliches Engagement bei FLEck e.V. verbunden sein. Mitgliedschaft kann jedoch auch die Solidarit\u00e4t mit den Zielen und der Arbeit des Vereins ausdr\u00fccken.<\/p>\n<p>Der Eintritt in den Verein soll nicht mit hohen Schwellen verbunden sein. Daher wird kein Mitgliedsbeitrag erhoben. Wir freuen uns auch \u00fcber junge Mitglieder: Personen zwischen 7 und 17 Jahren ben\u00f6tigen jedoch f\u00fcr eine Mitgliedschaftserkl\u00e4rung die Unterschrift eines rechtlichen Vertreters\/Erziehungsberechtigten.<\/p>\n<p><a href=\"http:\/\/www.fleck-ev.de\/wp-content\/uploads\/2023\/07\/2023-Aufnahmeantrag-FLEck.pdf\">2023 Aufnahmeantrag FLEck<\/a><\/p>\n<p><a href=\"http:\/\/www.fleck-ev.de\/wp-content\/uploads\/2023\/07\/2023-Aufnahmeantrag-Minderjaehrige-FLEck.pdf\">2023 Aufnahmeantrag Minderj\u00e4hrige FLEck<\/a><\/p>\n<p>Bitte ausdrucken und an FLEck e.V. senden.<\/p>\n<p>Auszug aus der Satzung von FLEck e.V.:<\/p>\n<p>\u00a7 6 Mitglied kann jede nat\u00fcrliche oder juristische Person werden, die sich f\u00fcr die Ziele des Vereins aktiv oder als f\u00f6rderndes Mitglied einsetzt. Der Antrag auf Mitgliedschaft &#8211; ebenso wie ein Austritt &#8211; kann jederzeit durch Erkl\u00e4rung des Mitgliedes in schriftlicher Form beim Vorstand erfolgen. Der Vorstand oder im Zweifelsfall die Mitgliederversammlung entscheidet \u00fcber den eingereichten Antrag. Eine Ablehnung der Mitgliedschaft durch den Vorstand ist nicht zu begr\u00fcnden. Mitglied im Verein k\u00f6nnen nur diejenigen Personen sein, die sich zu den Grunds\u00e4tzen aus \u00a7 3 (b) bekennen.<\/p>\n<p>\u00a7 3b Grundlage der Fl\u00fcchtlingsinitiative ist das Bekenntnis aller Mitglieder zur freiheitlichen demokratischen Grundordnung. Sie vertritt den Grundsatz religi\u00f6ser und weltanschaulicher Toleranz sowie parteipolitischer Neutralit\u00e4t. Der Verein tritt extremistischen, rassistischen und fremdenfeindlichen Bestrebungen entschieden entgegen.<\/p>\n\n\n\n\n\n","protected":false},"excerpt":{"rendered":"<p>Wir laden Personen und Organisationen ein, sich der Fl\u00fcchtlingsinitiative Eckental anzuschlie\u00dfen. Mit der Mitgliedschaft kann ein ehrenamtliches Engagement bei FLEck e.V. verbunden sein. Mitgliedschaft kann jedoch auch die Solidarit\u00e4t mit den Zielen und der Arbeit des Vereins ausdr\u00fccken. Der Eintritt in den Verein soll nicht mit hohen Schwellen verbunden sein. Daher wird kein Mitgliedsbeitrag erhoben. [&hellip;]<\/p>\n","protected":false},"author":1,"featured_media":0,"parent":23,"menu_order":4,"comment_status":"closed","ping_status":"open","template":"","meta":{"_mc_calendar":[],"footnotes":""},"class_list":["post-30","page","type-page","status-publish","hentry"],"_links":{"self":[{"href":"https:\/\/www.fleck-ev.de\/index.php?rest_route=\/wp\/v2\/pages\/30","targetHints":{"allow":["GET"]}}],"collection":[{"href":"https:\/\/www.fleck-ev.de\/index.php?rest_route=\/wp\/v2\/pages"}],"about":[{"href":"https:\/\/www.fleck-ev.de\/index.php?rest_route=\/wp\/v2\/types\/page"}],"author":[{"embeddable":true,"href":"https:\/\/www.fleck-ev.de\/index.php?rest_route=\/wp\/v2\/users\/1"}],"replies":[{"embeddable":true,"href":"https:\/\/www.fleck-ev.de\/index.php?rest_route=%2Fwp%2Fv2%2Fcomments&post=30"}],"version-history":[{"count":14,"href":"https:\/\/www.fleck-ev.de\/index.php?rest_route=\/wp\/v2\/pages\/30\/revisions"}],"predecessor-version":[{"id":4553,"href":"https:\/\/www.fleck-ev.de\/index.php?rest_route=\/wp\/v2\/pages\/30\/revisions\/4553"}],"up":[{"embeddable":true,"href":"https:\/\/www.fleck-ev.de\/index.php?rest_route=\/wp\/v2\/pages\/23"}],"wp:attachment":[{"href":"https:\/\/www.fleck-ev.de\/index.php?rest_route=%2Fwp%2Fv2%2Fmedia&parent=30"}],"curies":[{"name":"wp","href":"https:\/\/api.w.org\/{rel}","templated":true}]}}