{"id":260,"date":"2014-12-09T12:58:41","date_gmt":"2014-12-09T10:58:41","guid":{"rendered":"http:\/\/www.fleck-ev.de\/?page_id=260"},"modified":"2017-08-18T10:33:23","modified_gmt":"2017-08-18T08:33:23","slug":"augenoeffner","status":"publish","type":"page","link":"https:\/\/www.fleck-ev.de\/?page_id=260","title":{"rendered":"Leitlinien f\u00fcr Mitarbeiter"},"content":{"rendered":"<div class=\"section\">\n<div class=\"layoutArea\">\n<div class=\"column\">\n<h2><strong>Unser Ehrenkodex<br \/>\n<\/strong><\/h2>\n<p align=\"left\"><span style=\"font-family: Calibri,sans-serif;\">Wir ehrenamtlichen Mitarbeiter\/-innen von FLEck e.V. begegnen Gefl\u00fcchteten, die in Eckental leben, im Wissen um deren Gleichwertigkeit, Autonomie und Menschenw\u00fcrde.<\/span><\/p>\n<p><span style=\"font-family: Calibri,sans-serif;\">Wir unterst\u00fctzen sie in allen Lebensbereichen bei der Bew\u00e4ltigung von Schwierigkeiten, die sie aufgrund <\/span><span style=\"font-family: Calibri,sans-serif;\">i<\/span><span style=\"font-family: Calibri,sans-serif;\">hrer unterschiedlichen kulturellen Herkunft und Sprachbarrieren haben.<\/span><\/p>\n<p><span style=\"font-family: Calibri,sans-serif;\">Ziel unserer Arbeit ist, die Gefl\u00fcchteten bei der R\u00fcckgewinnung ihrer Selbstst\u00e4ndigkeit im neuen soziokulturellen Umfeld zu unterst\u00fctzen. Das bedeutet, die Hilfe mit fortschreitender Selbstst\u00e4ndigkeit wieder zur\u00fcckzunehmen.<\/span><\/p>\n<p><span style=\"font-family: Calibri,sans-serif;\">Dazu geh\u00f6rt:<\/span><\/p>\n<p><span style=\"font-family: Calibri,sans-serif;\">&#8211; <\/span><span style=\"font-family: Calibri,sans-serif;\">Ich begegne ihnen mit Respekt, Wertsch\u00e4tzung und Freundlichkeit.<\/span><\/p>\n<p><span style=\"font-family: Calibri,sans-serif;\">&#8211; <\/span><span style=\"font-family: Calibri,sans-serif;\">Ich respektiere ihre Intimsph\u00e4re und ihre pers\u00f6nlichen Grenzen.<\/span><\/p>\n<p><span style=\"font-family: Calibri,sans-serif;\">&#8211; <\/span><span style=\"font-family: Calibri,sans-serif;\">Ich achte darauf, dass ich keine verbale, k\u00f6rperliche oder seelische<\/span><\/p>\n<p><span style=\"font-family: Calibri,sans-serif;\">Grenz\u00fcberschreitung begehe.<\/span><\/p>\n<p><span style=\"font-family: Calibri,sans-serif;\">&#8211; <\/span><span style=\"font-family: Calibri,sans-serif;\">Ich nutze meine Rolle als ehrenamtliche Helferin \/ als ehrenamtlicher Helfer<\/span><\/p>\n<p><span style=\"font-family: Calibri,sans-serif;\">nicht f\u00fcr sexuelle Kontakte zu den mir anvertrauten Menschen.<\/span><\/p>\n<p><span style=\"font-family: Calibri,sans-serif;\">&#8211; <\/span><span style=\"font-family: Calibri,sans-serif;\">Wenn ich Grenz\u00fcberschreitungen durch andere ehrenamtliche Helferinnen und<\/span><\/p>\n<p><span style=\"font-family: Calibri,sans-serif;\">Helfer bemerke, werde ich aktiv Position beziehen und mich umgehend mit dem<\/span><\/p>\n<p><span style=\"font-family: Calibri,sans-serif;\">Vorstand in Verbindung setzen.<\/span><\/p>\n<p><span style=\"font-family: Calibri,sans-serif;\">&#8211; <\/span><span style=\"font-family: Calibri,sans-serif;\">Ich verpflichte mich zur Verschwiegenheit \u00fcber die pers\u00f6nlichen Verh\u00e4ltnisse<\/span><\/p>\n<p><span style=\"font-family: Calibri,sans-serif;\">und alle Vorg\u00e4nge rund um die Gefl\u00fcchteten.<\/span><\/p>\n<p><span style=\"font-family: Calibri,sans-serif;\">&#8211; <\/span><span style=\"font-family: Calibri,sans-serif;\">Ich arbeite mit anderen Unterst\u00fctzern im Verein kollegial zusammen.<\/span><\/p>\n<p><span style=\"font-family: Calibri,sans-serif;\">&#8211; <\/span><span style=\"font-family: Calibri,sans-serif;\">Ich achte auf meine pers\u00f6nlichen Grenzen und auch darauf, mich nicht selbst zu<\/span><\/p>\n<p><span style=\"font-family: Calibri,sans-serif;\">\u00fcberfordern.<\/span><\/p>\n<p><span style=\"font-family: Calibri,sans-serif;\">&#8211; Ich nutze im Bedarfsfall die FLEck-internen Hilfs-und Beratungsm\u00f6glichkeiten.<\/span><\/p>\n<\/div>\n<p>(Beschlossen im Juli 2017)<\/p>\n<\/div>\n<\/div>\n","protected":false},"excerpt":{"rendered":"<p>Unser Ehrenkodex Wir ehrenamtlichen Mitarbeiter\/-innen von FLEck e.V. begegnen Gefl\u00fcchteten, die in Eckental leben, im Wissen um deren Gleichwertigkeit, Autonomie und Menschenw\u00fcrde. Wir unterst\u00fctzen sie in allen Lebensbereichen bei der Bew\u00e4ltigung von Schwierigkeiten, die sie aufgrund ihrer unterschiedlichen kulturellen Herkunft und Sprachbarrieren haben. Ziel unserer Arbeit ist, die Gefl\u00fcchteten bei der R\u00fcckgewinnung ihrer Selbstst\u00e4ndigkeit im [&hellip;]<\/p>\n","protected":false},"author":1,"featured_media":0,"parent":23,"menu_order":4,"comment_status":"closed","ping_status":"closed","template":"","meta":{"_mc_calendar":[],"footnotes":""},"class_list":["post-260","page","type-page","status-publish","hentry"],"_links":{"self":[{"href":"https:\/\/www.fleck-ev.de\/index.php?rest_route=\/wp\/v2\/pages\/260","targetHints":{"allow":["GET"]}}],"collection":[{"href":"https:\/\/www.fleck-ev.de\/index.php?rest_route=\/wp\/v2\/pages"}],"about":[{"href":"https:\/\/www.fleck-ev.de\/index.php?rest_route=\/wp\/v2\/types\/page"}],"author":[{"embeddable":true,"href":"https:\/\/www.fleck-ev.de\/index.php?rest_route=\/wp\/v2\/users\/1"}],"replies":[{"embeddable":true,"href":"https:\/\/www.fleck-ev.de\/index.php?rest_route=%2Fwp%2Fv2%2Fcomments&post=260"}],"version-history":[{"count":24,"href":"https:\/\/www.fleck-ev.de\/index.php?rest_route=\/wp\/v2\/pages\/260\/revisions"}],"predecessor-version":[{"id":2104,"href":"https:\/\/www.fleck-ev.de\/index.php?rest_route=\/wp\/v2\/pages\/260\/revisions\/2104"}],"up":[{"embeddable":true,"href":"https:\/\/www.fleck-ev.de\/index.php?rest_route=\/wp\/v2\/pages\/23"}],"wp:attachment":[{"href":"https:\/\/www.fleck-ev.de\/index.php?rest_route=%2Fwp%2Fv2%2Fmedia&parent=260"}],"curies":[{"name":"wp","href":"https:\/\/api.w.org\/{rel}","templated":true}]}}