{"id":507,"date":"2015-02-12T16:36:13","date_gmt":"2015-02-12T15:36:13","guid":{"rendered":"http:\/\/www.fleck-ev.de\/?page_id=507"},"modified":"2025-03-08T23:12:29","modified_gmt":"2025-03-08T22:12:29","slug":"cafe-fleck","status":"publish","type":"page","link":"http:\/\/www.fleck-ev.de\/?page_id=507","title":{"rendered":"Caf\u00e9s und Treffpunkte"},"content":{"rendered":"\n<p><\/p>\n\n\n\n<p><\/p>\n\n\n\n<h1 class=\"wp-block-heading\"><span style=\"color: #008000;\"><strong>FLEck Forum<\/strong><\/span><\/h1>\n\n\n\n<p>Das FLEck Forum dient zum Austausch von aktuellen Informationen, Diskussion und Beratung. Organisation durch den AK FORUM<\/p>\n\n\n\n<p><strong>N\u00e4chster Termin: 3. April 2025 &#8211; Vortrag &#8222;Fit im Alter&#8220;, Dr. Harald Betz<\/strong><\/p>\n\n\n\n<p><strong>im Interimsgeb\u00e4ude Raum 026 um 19:00 Uhr<\/strong><\/p>\n\n\n\n<p>weitere Termine:<br>26.6.2025, 9.10.2025<\/p>\n\n\n\n<p>Keine Anmeldung erforderlich<\/p>\n\n\n\n<h1 class=\"wp-block-heading\">&nbsp;<\/h1>\n\n\n\n<h1 class=\"wp-block-heading\">Caf\u00e9 FLEck<\/h1>\n\n\n<div class=\"wp-block-image\">\n<figure class=\"alignright\"><a href=\"http:\/\/www.fleck-ev.de\/wp-content\/uploads\/2015\/02\/cafe-schild_W_a.jpg\"><img loading=\"lazy\" decoding=\"async\" width=\"300\" height=\"173\" src=\"http:\/\/www.fleck-ev.de\/wp-content\/uploads\/2015\/02\/cafe-schild_W_a-300x173.jpg\" alt=\"cafe schild_W_a\" class=\"wp-image-1376\" srcset=\"http:\/\/www.fleck-ev.de\/wp-content\/uploads\/2015\/02\/cafe-schild_W_a-300x173.jpg 300w, http:\/\/www.fleck-ev.de\/wp-content\/uploads\/2015\/02\/cafe-schild_W_a-1024x591.jpg 1024w\" sizes=\"auto, (max-width: 300px) 100vw, 300px\" \/><\/a><\/figure>\n<\/div>\n\n\n<p>Herzliche Einladung zum offenen Begegnungstreff &#8222;Caf\u00e9 FLEck&#8220;:<br>Alle alteingesessenen und neu zugezogenen Eckentaler:innen sind herzlich willkommen,<br>sich in gem\u00fctlicher Atmosph\u00e4re bei Kaffee, Tee und selbst gebackenem Kuchen kennenzulernen und auszutauschen.<\/p>\n\n\n\n<p><strong>N\u00e4chster Termin:&nbsp; Samstag, 29. M\u00e4rz 2025<br><\/strong><strong>in der Pfarrscheune in Eschenau<\/strong><strong><br><\/strong><\/p>\n\n\n\n<p>weiterer Termin:  15.11.2025<\/p>\n\n\n\n<p><strong><br><\/strong><strong>Uhrzeit: jeweils von 14.00 bis 16.30 Uhr<\/strong><\/p>\n\n\n\n<p><strong>Adressen:<\/strong><br><strong> &#8211;&gt; Pfarrscheune: Marktplatz 1, 90542 Eckental-Eschenau, neben der Kirche St. Bartholom\u00e4us<\/strong><\/p>\n\n\n\n<p><strong>&#8211;&gt; evang. Gemeindehaus Forth: Martin-Luther-Str. 1, 90542 Eckental-Forth<\/strong><\/p>\n\n\n\n<p><strong>&#8211;&gt; kath. Pfarrsaal \/ Pfarrzentrum: Weiherstr. 27, 90542 Eckental-Eckenhaid<\/strong><\/p>\n\n\n\n<p>Kontakt: <a href=\"mailto:AK-Freizeit-u-Begegnung@fleck-ev.de\">dagmar.boettcher@fleck-ev.de<\/a><\/p>\n\n\n\n<figure class=\"wp-block-image\"><a href=\"http:\/\/www.fleck-ev.de\/wp-content\/uploads\/2015\/02\/RespektKuchen.jpg\"><img loading=\"lazy\" decoding=\"async\" width=\"300\" height=\"203\" src=\"http:\/\/www.fleck-ev.de\/wp-content\/uploads\/2015\/02\/RespektKuchen-300x203.jpg\" alt=\"RespektKuchen\" class=\"wp-image-868\" srcset=\"http:\/\/www.fleck-ev.de\/wp-content\/uploads\/2015\/02\/RespektKuchen-300x203.jpg 300w, http:\/\/www.fleck-ev.de\/wp-content\/uploads\/2015\/02\/RespektKuchen-1024x693.jpg 1024w\" sizes=\"auto, (max-width: 300px) 100vw, 300px\" \/><\/a><\/figure>\n\n\n\n<p><em><span style=\"color: black; font-family: Arial,Helvetica,sans-serif; font-size: small;\"><span style=\"font-size: small;\">Aus einer Mail am 30. Mai 2015: &#8222;&#8230;.die albanischen Frauen aus der Schwane haben heute gemeinsam einen Kuchen f\u00fcr&#8217;s Caf\u00e9 FLEck gebacken. Nach einem albanischen Rezept mit Pudding, Bananen, Rosinen &#8230;<\/span><span style=\"font-size: small;\"> Sehr lecker: Respekt! Wir haben uns so gefreut!&#8220;<\/span><\/span><\/em><\/p>\n","protected":false},"excerpt":{"rendered":"<p>FLEck Forum Das FLEck Forum dient zum Austausch von aktuellen Informationen, Diskussion und Beratung. Organisation durch den AK FORUM N\u00e4chster Termin: 3. April 2025 &#8211; Vortrag &#8222;Fit im Alter&#8220;, Dr. Harald Betz im Interimsgeb\u00e4ude Raum 026 um 19:00 Uhr weitere Termine:26.6.2025, 9.10.2025 Keine Anmeldung erforderlich &nbsp; Caf\u00e9 FLEck Herzliche Einladung zum offenen Begegnungstreff &#8222;Caf\u00e9 FLEck&#8220;:Alle [&hellip;]<\/p>\n","protected":false},"author":1,"featured_media":0,"parent":0,"menu_order":4,"comment_status":"closed","ping_status":"closed","template":"","meta":{"_mc_calendar":[],"footnotes":""},"class_list":["post-507","page","type-page","status-publish","hentry"],"_links":{"self":[{"href":"http:\/\/www.fleck-ev.de\/index.php?rest_route=\/wp\/v2\/pages\/507","targetHints":{"allow":["GET"]}}],"collection":[{"href":"http:\/\/www.fleck-ev.de\/index.php?rest_route=\/wp\/v2\/pages"}],"about":[{"href":"http:\/\/www.fleck-ev.de\/index.php?rest_route=\/wp\/v2\/types\/page"}],"author":[{"embeddable":true,"href":"http:\/\/www.fleck-ev.de\/index.php?rest_route=\/wp\/v2\/users\/1"}],"replies":[{"embeddable":true,"href":"http:\/\/www.fleck-ev.de\/index.php?rest_route=%2Fwp%2Fv2%2Fcomments&post=507"}],"version-history":[{"count":186,"href":"http:\/\/www.fleck-ev.de\/index.php?rest_route=\/wp\/v2\/pages\/507\/revisions"}],"predecessor-version":[{"id":4958,"href":"http:\/\/www.fleck-ev.de\/index.php?rest_route=\/wp\/v2\/pages\/507\/revisions\/4958"}],"wp:attachment":[{"href":"http:\/\/www.fleck-ev.de\/index.php?rest_route=%2Fwp%2Fv2%2Fmedia&parent=507"}],"curies":[{"name":"wp","href":"https:\/\/api.w.org\/{rel}","templated":true}]}}