{"id":4693,"date":"2023-12-24T13:59:19","date_gmt":"2023-12-24T12:59:19","guid":{"rendered":"http:\/\/www.fleck-ev.de\/?page_id=4693"},"modified":"2025-02-10T19:35:14","modified_gmt":"2025-02-10T18:35:14","slug":"kochbuch","status":"publish","type":"page","link":"http:\/\/www.fleck-ev.de\/?page_id=4693","title":{"rendered":"Unser Kochbuch"},"content":{"rendered":"<div class=\"wp-block-image\">\n<figure class=\"alignright size-medium\"><a href=\"http:\/\/www.fleck-ev.de\/wp-content\/uploads\/2023\/11\/Kochbuch-Cover-scaled.jpg\"><img loading=\"lazy\" decoding=\"async\" width=\"230\" height=\"300\" src=\"http:\/\/www.fleck-ev.de\/wp-content\/uploads\/2023\/11\/Kochbuch-Cover-230x300.jpg\" alt=\"\" class=\"wp-image-4661\" srcset=\"http:\/\/www.fleck-ev.de\/wp-content\/uploads\/2023\/11\/Kochbuch-Cover-230x300.jpg 230w, http:\/\/www.fleck-ev.de\/wp-content\/uploads\/2023\/11\/Kochbuch-Cover-784x1024.jpg 784w, http:\/\/www.fleck-ev.de\/wp-content\/uploads\/2023\/11\/Kochbuch-Cover-768x1003.jpg 768w, http:\/\/www.fleck-ev.de\/wp-content\/uploads\/2023\/11\/Kochbuch-Cover-1176x1536.jpg 1176w, http:\/\/www.fleck-ev.de\/wp-content\/uploads\/2023\/11\/Kochbuch-Cover-1567x2048.jpg 1567w, http:\/\/www.fleck-ev.de\/wp-content\/uploads\/2023\/11\/Kochbuch-Cover-scaled.jpg 1959w\" sizes=\"auto, (max-width: 230px) 100vw, 230px\" \/><\/a><\/figure>\n<\/div>\n\n\n<p>&#8222;<strong>Der Duft nach Heimat<br>Kochen mit Freunden aus Armenien, Aserbaidschan,<br>\u00c4thiopien, Irak, Iran, Pakistan und Syrien<\/strong>&#8222;<\/p>\n\n\n\n<p><br>Es ist eine Hardcoverausgabe mit 112 Seiten, 50 Rezepten und kostet 18 Euro.<br>Der Erl\u00f6s kommt der ehrenamtlichen Arbeit der Fl\u00fcchtlingsinitiative Eckental FLEck e.V. zugute.<\/p>\n\n\n\n<p>Bestellungen bitte \u00fcber <a href=\"mailto:kontakt@fleck-ev.de\">kontakt@fleck-ev.de<\/a>. <\/p>\n\n\n\n<p>Au\u00dferdem gibt es unser Kochbuch in folgenden Verkaufsstellen in Eckental:<\/p>\n\n\n\n<p>Bioladen Eschenau<br>Handverlesen in Eschenau<br>Buch- und Mediencenter Endre\u00df<\/p>\n\n\n\n<p><strong>Sie haben eine Frage zu einem Rezept? Bitte melden Sie sich \u00fcber kontakt@fleck-ev.de<\/strong> <\/p>\n\n\n\n<p>Wir freuen uns auch \u00fcber R\u00fcckmeldungen zum Kochen, wie es geschmeckt hat oder Bilder!<\/p>\n\n\n\n<div style=\"height:22px\" aria-hidden=\"true\" class=\"wp-block-spacer\"><\/div>\n\n\n\n<p class=\"has-large-font-size\"><strong>Erg\u00e4nzungen:<\/strong><\/p>\n\n\n\n<div style=\"height:27px\" aria-hidden=\"true\" class=\"wp-block-spacer\"><\/div>\n\n\n\n<p class=\"has-vivid-red-color has-text-color\"><em><strong>Was man unter &#8222;einem Bund Kr\u00e4uter&#8220; versteht,<br>f\u00e4llt sehr unterschiedlich aus &#8211; je nachdem, wo man<br>ihn kauft: In arabischen oder t\u00fcrkischen L\u00e4den sind<br>die B\u00fcnde deutlich gr\u00f6\u00dfer.<br>Bitte beim Einkaufen der Zutaten beachten!<\/strong><\/em><\/p>\n\n\n\n<div style=\"height:50px\" aria-hidden=\"true\" class=\"wp-block-spacer\"><\/div>\n\n\n\n<p class=\"has-vivid-red-color has-text-color\"><strong>DOVGA, aserbaidschanische Joghurt-Suppe von Turkay<\/strong>, Seite 109<br>Das Rezept ist f\u00fcr 4-6 Personen.<br>Der Babyspinat wird in Streifen geschnitten und mit den Kr\u00e4utern vermischt und dann in Schritt 3 entsprechend mit den Kr\u00e4utern dazugegeben. Dann kommen auch die gekochten Kichererbsen dazu. Danach alles noch gute 5 Minuten ziehen lassen und erst kurz vor dem Servieren mit Salz abschmecken.<\/p>\n\n\n\n<div style=\"height:48px\" aria-hidden=\"true\" class=\"wp-block-spacer\"><\/div>\n\n\n\n<p class=\"has-vivid-red-color has-text-color\"><strong>COPPA von Rawasi, Syrien,<\/strong> Seite 50\/51<br>Die Aufs\u00e4tze f\u00fcr den Fleischwolf <br>Zuerst diese Kombination: (Arbeitsschritte 1-3)<\/p>\n\n\n\n<figure class=\"wp-block-image size-large is-resized\"><a href=\"http:\/\/www.fleck-ev.de\/wp-content\/uploads\/2023\/12\/Fleischwolfaufsatz-Coppa-1-1.jpg\"><img loading=\"lazy\" decoding=\"async\" src=\"http:\/\/www.fleck-ev.de\/wp-content\/uploads\/2023\/12\/Fleischwolfaufsatz-Coppa-1-1-1024x709.jpg\" alt=\"\" class=\"wp-image-4711\" width=\"388\" height=\"268\" srcset=\"http:\/\/www.fleck-ev.de\/wp-content\/uploads\/2023\/12\/Fleischwolfaufsatz-Coppa-1-1-1024x709.jpg 1024w, http:\/\/www.fleck-ev.de\/wp-content\/uploads\/2023\/12\/Fleischwolfaufsatz-Coppa-1-1-300x208.jpg 300w, http:\/\/www.fleck-ev.de\/wp-content\/uploads\/2023\/12\/Fleischwolfaufsatz-Coppa-1-1-768x532.jpg 768w, http:\/\/www.fleck-ev.de\/wp-content\/uploads\/2023\/12\/Fleischwolfaufsatz-Coppa-1-1.jpg 1186w\" sizes=\"auto, (max-width: 388px) 100vw, 388px\" \/><\/a><\/figure>\n\n\n\n<p class=\"has-vivid-red-color has-text-color\">Ab Arbeitsschritt 7 diese Kombination verwenden:<\/p>\n\n\n\n<figure class=\"wp-block-image size-large is-resized\"><a href=\"http:\/\/www.fleck-ev.de\/wp-content\/uploads\/2023\/12\/Fleischwolfaufsatz-Coppa-2.jpg\"><img loading=\"lazy\" decoding=\"async\" src=\"http:\/\/www.fleck-ev.de\/wp-content\/uploads\/2023\/12\/Fleischwolfaufsatz-Coppa-2-825x1024.jpg\" alt=\"\" class=\"wp-image-4712\" width=\"286\" height=\"355\" srcset=\"http:\/\/www.fleck-ev.de\/wp-content\/uploads\/2023\/12\/Fleischwolfaufsatz-Coppa-2-825x1024.jpg 825w, http:\/\/www.fleck-ev.de\/wp-content\/uploads\/2023\/12\/Fleischwolfaufsatz-Coppa-2-242x300.jpg 242w, http:\/\/www.fleck-ev.de\/wp-content\/uploads\/2023\/12\/Fleischwolfaufsatz-Coppa-2-768x954.jpg 768w, http:\/\/www.fleck-ev.de\/wp-content\/uploads\/2023\/12\/Fleischwolfaufsatz-Coppa-2.jpg 931w\" sizes=\"auto, (max-width: 286px) 100vw, 286px\" \/><\/a><\/figure>\n\n\n\n<div style=\"height:100px\" aria-hidden=\"true\" class=\"wp-block-spacer\"><\/div>\n\n\n\n<hr class=\"wp-block-separator has-alpha-channel-opacity\"\/>\n\n\n\n<p>im Jahr 2019 hatten wir eine Idee. Gemeinsam zu essen, ist ein guter T\u00fcr\u00f6ffner. Wenn wir einander kennenlernen wollen, ist eine Einladung zum Essen f\u00fcr Gefl\u00fcchtete eine gute M\u00f6glichkeit, ein St\u00fcck ihrer Heimat und Kultur in Deutschland zu leben. Und sie k\u00f6nnen uns ihrerseits Gastfreundschaft entgegenbringen. Gemeinsames Essen verbindet zum einen, zeigt aber auch anschaulich das Anderssein und die Vielf\u00e4ltigkeit, die Besonderheiten der anderen \u201eEss-\u201c Kulturen: Denn kochen und essen m\u00fcssen wir alle \u2013 und doch tun wir es auf sehr unterschiedliche Art und Weise. Das fanden wir von FLEck e.V. spannend und haben deshalb beschlossen, uns zeigen zu lassen, was und wie \u201cunsere\u201d Gefl\u00fcchteten in Eckental kochen. Wir schauten den K\u00f6ch:innen Ahmna, Nanahi, Eskindir, Rojin, Rawasi, Hadil, Lusine, Aschot, Fozia, Fatemeh und Turkay genau auf die Finger und lie\u00dfen uns die einzelnen Arbeitsg\u00e4nge erkl\u00e4ren. Alles wurde von Tim Merkel und Anja Petter super sch\u00f6n fotografiert und von Grafiker David Weiss toll in Szene gesetzt. Bei den neun Kochsessions mit unseren 11 K\u00f6ch:innen aus sieben L\u00e4ndern entstanden rund 4.400 Fotos!<\/p>\n\n\n\n<p>Wir hatten viel Spa\u00df und besondere Momente beim gemeinsamen Kochen. Der \u201eDuft nach Heimat\u201c wehte immer wieder durch die K\u00fcche und wir hoffen, dass wir das auch unseren Leser:innen vermitteln k\u00f6nnen und sie viel Freude daran haben, kulinarisches Neuland zu entdecken oder ihre Lieblingsrezepte aus der Fl\u00fcchtlingsarbeit nachzukochen.<\/p>\n\n\n\n<p>Herzliche Gr\u00fc\u00dfe vom Kochbuch-Team<\/p>\n","protected":false},"excerpt":{"rendered":"<p>&#8222;Der Duft nach HeimatKochen mit Freunden aus Armenien, Aserbaidschan,\u00c4thiopien, Irak, Iran, Pakistan und Syrien&#8222; Es ist eine Hardcoverausgabe mit 112 Seiten, 50 Rezepten und kostet 18 Euro.Der Erl\u00f6s kommt der ehrenamtlichen Arbeit der Fl\u00fcchtlingsinitiative Eckental FLEck e.V. zugute. Bestellungen bitte \u00fcber kontakt@fleck-ev.de. Au\u00dferdem gibt es unser Kochbuch in folgenden Verkaufsstellen in Eckental: Bioladen EschenauHandverlesen in [&hellip;]<\/p>\n","protected":false},"author":4,"featured_media":0,"parent":0,"menu_order":6,"comment_status":"closed","ping_status":"closed","template":"","meta":{"_mc_calendar":[],"footnotes":""},"class_list":["post-4693","page","type-page","status-publish","hentry"],"_links":{"self":[{"href":"http:\/\/www.fleck-ev.de\/index.php?rest_route=\/wp\/v2\/pages\/4693","targetHints":{"allow":["GET"]}}],"collection":[{"href":"http:\/\/www.fleck-ev.de\/index.php?rest_route=\/wp\/v2\/pages"}],"about":[{"href":"http:\/\/www.fleck-ev.de\/index.php?rest_route=\/wp\/v2\/types\/page"}],"author":[{"embeddable":true,"href":"http:\/\/www.fleck-ev.de\/index.php?rest_route=\/wp\/v2\/users\/4"}],"replies":[{"embeddable":true,"href":"http:\/\/www.fleck-ev.de\/index.php?rest_route=%2Fwp%2Fv2%2Fcomments&post=4693"}],"version-history":[{"count":14,"href":"http:\/\/www.fleck-ev.de\/index.php?rest_route=\/wp\/v2\/pages\/4693\/revisions"}],"predecessor-version":[{"id":4940,"href":"http:\/\/www.fleck-ev.de\/index.php?rest_route=\/wp\/v2\/pages\/4693\/revisions\/4940"}],"wp:attachment":[{"href":"http:\/\/www.fleck-ev.de\/index.php?rest_route=%2Fwp%2Fv2%2Fmedia&parent=4693"}],"curies":[{"name":"wp","href":"https:\/\/api.w.org\/{rel}","templated":true}]}}