{"id":32,"date":"2014-11-14T02:50:18","date_gmt":"2014-11-14T00:50:18","guid":{"rendered":"http:\/\/fleck.web2.hosting.netlogix.de\/?page_id=32"},"modified":"2025-08-24T11:21:09","modified_gmt":"2025-08-24T09:21:09","slug":"spenden","status":"publish","type":"page","link":"http:\/\/www.fleck-ev.de\/?page_id=32","title":{"rendered":"Geldspenden"},"content":{"rendered":"<h2>Bankverbindung von FLEck e.V.:<\/h2>\n<p>Fl\u00fcchtlingsinitiative Eckental FLEck e.V.<br \/>Kontonr. 60066716<br \/>Stadt- und Kreissparkasse Erlangen<br \/>IBAN DE08 7635 0000 0060 0667 16<br \/>BIC BYLADEM1ERH<\/p>\n<h2>Geldspenden<\/h2>\n<p>FLEck e.V. ist ein Netzwerk von ehrenamtlichen Helfern und wird finanziell durch Spenden und \u00f6ffentliche Zuwendungen getragen. Die Verwendung der Gelder dienen ausschlie\u00dflich satzungsgem\u00e4\u00dfen Zwecken des Vereins (Auszug aus der Satzung siehe unten). Das Finanzamt hat die Gemeinn\u00fctzigkeit von FLEck e.V. best\u00e4tigt. Somit sind Spenden an FLEck e.V. steuerlich absetzbar.<\/p>\n<p>Geldspenden bis 300 Euro gelten als sogenannte &#8222;Kleinspenden&#8220;, hier gilt der vereinfachte Spendennachweis (z.B. Bankbeleg). Das bedeutet Sie k\u00f6nnen den Kontoauszug oder den \u00dcberweisungsbeleg beim Finanzamt einreichen. Erg\u00e4nzend dazu drucken Sie bitte unten stehendes Dokument aus, in dem wir best\u00e4tigen, dass wir als gemeinn\u00fctzige K\u00f6rperschaft anerkannt sind.<\/p>\n<p>F\u00fcr Geldspenden \u00fcber 300 Euro stellen wir Ihnen gerne eine Zuwendungsbest\u00e4tigung (Spendenquittung) aus. <strong>Bitte vermerken Sie daf\u00fcr unbedingt Ihre Adresse im Verwendungszweck der \u00dcberweisung.<\/strong><\/p>\n<p><strong>Auszug aus der Satzung:<\/strong><\/p>\n<p>\u00a7 3 a) Zweck des Vereins ist die F\u00f6rderung der Hilfe f\u00fcr Fl\u00fcchtlinge und f\u00fcr politisch, rassisch oder religi\u00f6s Verfolgte sowie der Erfahrungsaustausch und die Information im Rahmen von ehrenamtlichen Treffen. Der Satzungszweck wird verwirklicht insbesondere durch Einzelfallbetreuungen f\u00fcr alle Lebenslagen, Unterst\u00fctzung bei Beh\u00f6rdeng\u00e4ngen, Angebote von Sprach- und Kreativkursen und das Angebot von multikulturellen Veranstaltungen.<\/p>\n\n\n<div data-wp-interactive=\"core\/file\" class=\"wp-block-file\"><object data-wp-bind--hidden=\"!state.hasPdfPreview\" hidden class=\"wp-block-file__embed\" data=\"http:\/\/www.fleck-ev.de\/wp-content\/uploads\/2023\/01\/Kleinspenden_Januar-2023.pdf\" type=\"application\/pdf\" style=\"width:100%;height:600px\" aria-label=\"Einbettung von Kleinspenden_Januar-2023.\"><\/object><a id=\"wp-block-file--media-b48f1030-062d-4e56-8dc2-633fd9451ad2\" href=\"http:\/\/www.fleck-ev.de\/wp-content\/uploads\/2023\/01\/Kleinspenden_Januar-2023.pdf\">Kleinspenden_Januar-2023<\/a><a href=\"http:\/\/www.fleck-ev.de\/wp-content\/uploads\/2023\/01\/Kleinspenden_Januar-2023.pdf\" class=\"wp-block-file__button wp-element-button\" download aria-describedby=\"wp-block-file--media-b48f1030-062d-4e56-8dc2-633fd9451ad2\">Herunterladen<\/a><\/div>\n","protected":false},"excerpt":{"rendered":"<p>Bankverbindung von FLEck e.V.: Fl\u00fcchtlingsinitiative Eckental FLEck e.V.Kontonr. 60066716Stadt- und Kreissparkasse ErlangenIBAN DE08 7635 0000 0060 0667 16BIC BYLADEM1ERH Geldspenden FLEck e.V. ist ein Netzwerk von ehrenamtlichen Helfern und wird finanziell durch Spenden und \u00f6ffentliche Zuwendungen getragen. Die Verwendung der Gelder dienen ausschlie\u00dflich satzungsgem\u00e4\u00dfen Zwecken des Vereins (Auszug aus der Satzung siehe unten). Das Finanzamt [&hellip;]<\/p>\n","protected":false},"author":1,"featured_media":0,"parent":23,"menu_order":6,"comment_status":"closed","ping_status":"open","template":"","meta":{"_mc_calendar":[],"footnotes":""},"class_list":["post-32","page","type-page","status-publish","hentry"],"_links":{"self":[{"href":"http:\/\/www.fleck-ev.de\/index.php?rest_route=\/wp\/v2\/pages\/32","targetHints":{"allow":["GET"]}}],"collection":[{"href":"http:\/\/www.fleck-ev.de\/index.php?rest_route=\/wp\/v2\/pages"}],"about":[{"href":"http:\/\/www.fleck-ev.de\/index.php?rest_route=\/wp\/v2\/types\/page"}],"author":[{"embeddable":true,"href":"http:\/\/www.fleck-ev.de\/index.php?rest_route=\/wp\/v2\/users\/1"}],"replies":[{"embeddable":true,"href":"http:\/\/www.fleck-ev.de\/index.php?rest_route=%2Fwp%2Fv2%2Fcomments&post=32"}],"version-history":[{"count":13,"href":"http:\/\/www.fleck-ev.de\/index.php?rest_route=\/wp\/v2\/pages\/32\/revisions"}],"predecessor-version":[{"id":5055,"href":"http:\/\/www.fleck-ev.de\/index.php?rest_route=\/wp\/v2\/pages\/32\/revisions\/5055"}],"up":[{"embeddable":true,"href":"http:\/\/www.fleck-ev.de\/index.php?rest_route=\/wp\/v2\/pages\/23"}],"wp:attachment":[{"href":"http:\/\/www.fleck-ev.de\/index.php?rest_route=%2Fwp%2Fv2%2Fmedia&parent=32"}],"curies":[{"name":"wp","href":"https:\/\/api.w.org\/{rel}","templated":true}]}}