{"id":28,"date":"2014-11-14T02:49:38","date_gmt":"2014-11-14T00:49:38","guid":{"rendered":"http:\/\/fleck.web2.hosting.netlogix.de\/?page_id=28"},"modified":"2025-05-08T11:49:33","modified_gmt":"2025-05-08T09:49:33","slug":"satzung","status":"publish","type":"page","link":"http:\/\/www.fleck-ev.de\/?page_id=28","title":{"rendered":"Satzung und Gesch\u00e4ftsordnung"},"content":{"rendered":"<p>Hier finden Sie die aktuelle Satzung von FLEck e.V.:<\/p>\n<p style=\"text-align: left;\"><a href=\"http:\/\/www.fleck-ev.de\/wp-content\/uploads\/2025\/05\/Satzung_vom_28-08-2024.pdf\" target=\"_blank\" rel=\"noopener noreferrer\">Satzung-Fleck<\/a>\u00a0(PDF)<\/p>\n<p>Die Satzung beschreibt Ziele und Arbeitsweise des Vereins, die vom Gesetzgeber \u00fcberpr\u00fcft werden und die Voraussetzung f\u00fcr die Gemeinn\u00fctzigkeit sind.<\/p>\n<p>Die Gesch\u00e4ftsordnung ist gem\u00e4\u00df \u00a7 8 eine Erg\u00e4nzung zur Satzung vom 9. Oktober 2024, die interne Strukturen und Vorgehensweisen sowie den Datenschutz im Verein regelt:<\/p>\n<p><a href=\"http:\/\/www.fleck-ev.de\/wp-content\/uploads\/2025\/05\/Geschaeftsordnung_vom_23-08-2024.pdf\">Gesch\u00e4ftsordnung<\/a>\u00a0(PDF)<\/p>\n<p>Die Jugendordnung ist gem\u00e4\u00df \u00a7 9 eine Erg\u00e4nzung zur Satzung vom 9. Oktober 2024:<\/p>\n<p><a href=\"http:\/\/www.fleck-ev.de\/wp-content\/uploads\/2025\/05\/Jugendordnung_vom_09-10-2024.pdf\">Jugendordnung<\/a>\u00a0(PDF)<\/p>\n\n\n<p><\/p>\n\n\n\n<p><\/p>\n","protected":false},"excerpt":{"rendered":"<p>Hier finden Sie die aktuelle Satzung von FLEck e.V.: Satzung-Fleck\u00a0(PDF) Die Satzung beschreibt Ziele und Arbeitsweise des Vereins, die vom Gesetzgeber \u00fcberpr\u00fcft werden und die Voraussetzung f\u00fcr die Gemeinn\u00fctzigkeit sind. Die Gesch\u00e4ftsordnung ist gem\u00e4\u00df \u00a7 8 eine Erg\u00e4nzung zur Satzung vom 9. Oktober 2024, die interne Strukturen und Vorgehensweisen sowie den Datenschutz im Verein regelt: [&hellip;]<\/p>\n","protected":false},"author":1,"featured_media":0,"parent":23,"menu_order":2,"comment_status":"closed","ping_status":"open","template":"","meta":{"_mc_calendar":[],"footnotes":""},"class_list":["post-28","page","type-page","status-publish","hentry"],"_links":{"self":[{"href":"http:\/\/www.fleck-ev.de\/index.php?rest_route=\/wp\/v2\/pages\/28","targetHints":{"allow":["GET"]}}],"collection":[{"href":"http:\/\/www.fleck-ev.de\/index.php?rest_route=\/wp\/v2\/pages"}],"about":[{"href":"http:\/\/www.fleck-ev.de\/index.php?rest_route=\/wp\/v2\/types\/page"}],"author":[{"embeddable":true,"href":"http:\/\/www.fleck-ev.de\/index.php?rest_route=\/wp\/v2\/users\/1"}],"replies":[{"embeddable":true,"href":"http:\/\/www.fleck-ev.de\/index.php?rest_route=%2Fwp%2Fv2%2Fcomments&post=28"}],"version-history":[{"count":16,"href":"http:\/\/www.fleck-ev.de\/index.php?rest_route=\/wp\/v2\/pages\/28\/revisions"}],"predecessor-version":[{"id":4989,"href":"http:\/\/www.fleck-ev.de\/index.php?rest_route=\/wp\/v2\/pages\/28\/revisions\/4989"}],"up":[{"embeddable":true,"href":"http:\/\/www.fleck-ev.de\/index.php?rest_route=\/wp\/v2\/pages\/23"}],"wp:attachment":[{"href":"http:\/\/www.fleck-ev.de\/index.php?rest_route=%2Fwp%2Fv2%2Fmedia&parent=28"}],"curies":[{"name":"wp","href":"https:\/\/api.w.org\/{rel}","templated":true}]}}