{"id":23,"date":"2014-11-14T02:48:53","date_gmt":"2014-11-14T01:48:53","guid":{"rendered":"http:\/\/fleck.web2.hosting.netlogix.de\/?page_id=23"},"modified":"2022-12-28T12:07:10","modified_gmt":"2022-12-28T11:07:10","slug":"fleck-e-v","status":"publish","type":"page","link":"http:\/\/www.fleck-ev.de\/?page_id=23","title":{"rendered":"FLEck e.V."},"content":{"rendered":"\n<p><a title=\"Entstehung\" href=\"http:\/\/www.fleck-ev.de\/?page_id=26\">Entstehung<\/a> &nbsp; &nbsp; &nbsp; &nbsp; &nbsp; <a title=\"Satzung\" href=\"http:\/\/www.fleck-ev.de\/?page_id=28\">Satzung<\/a> &nbsp; &nbsp; &nbsp; &nbsp; &nbsp; <a title=\"Mitglied werden\" href=\"http:\/\/www.fleck-ev.de\/?page_id=30\">Mitglied werden<\/a> &nbsp; &nbsp; &nbsp; &nbsp; &nbsp; <a title=\"Spenden\" href=\"http:\/\/www.fleck-ev.de\/?page_id=32\">Geldspenden<\/a><\/p>\n\n\n\n<p class=\"has-text-align-center\"><strong>Flucht stellt Menschen vor ungeheure Herausforderungen.<\/strong><\/p>\n\n\n\n<p class=\"has-text-align-center\"><strong>Welche Notsituationen es auch sind, die Menschen dazu bewegen, ihre Heimat aufzugeben:<\/strong><\/p>\n\n\n\n<p class=\"has-text-align-center\"><strong>Sie brauchen Hilfe, um in einem f\u00fcr sie fremden Land Fu\u00df zu fassen.<\/strong><\/p>\n\n\n\n<p><strong>Was tut FLEck e.V.?<\/strong><\/p>\n\n\n\n<p><strong>Wir machen uns stark f\u00fcr Andere<\/strong><\/p>\n\n\n\n<p>Der gemeinn\u00fctzige Verein FLEck e.V. unterst\u00fctzt in Eckental lebende Gefl\u00fcchtete und Asylsuchende in allen Lebenslagen: Unser Arbeitskreis Alltagsbegleitung k\u00fcmmert sich um die Neuank\u00f6mmlinge in unserer Gemeinde, zeigt Ihnen, wo das Rathaus ist, wo sie einkaufen k\u00f6nnen, wo der Bahnhof ist, wie man das richtige Ticket l\u00f6st&#8230; Sie helfen weiter im Alltag z.B. bei Beh\u00f6rdeng\u00e4ngen, Arztbesuchen, usw. Der Arbeitskreis Sprachtrainer bietet Deutschkurse und Sprachpatenschaften an, die von Ehrenamtlichen auf den verschiedensten Levels gemacht werden. Der Arbeitskreis FUN hat das Caf\u00e9 FLEck eingerichtet. Der Arbeitskreis FORUM k\u00fcmmert sich um die ehrenamtlichen HelferInnen, bietet Supervision und Fortbildungen an und f\u00f6rdert den Austausch untereinander. FLEck e.V. koordiniert Sachspenden, betreibt eine Fahrradwerkstatt und den f\u00fcr alle zug\u00e4nglichen Computerraum FLEck-Net. Nat\u00fcrlich unterst\u00fctzen wir in der Schule, bei der Ausbildung und bei der Wohnungs- und Arbeitssuche.<\/p>\n\n\n\n<p><strong>Es gibt viel zu tun!<\/strong><\/p>\n\n\n\n<p><strong>Wir f\u00f6rdern Integration<\/strong><\/p>\n\n\n\n<p>\u2192 f\u00fcr ein friedliches Miteinander<\/p>\n\n\n\n<p>\u2192 gegen Fremdenfeindlichkeit<\/p>\n\n\n\n<p>\u2192 f\u00fcr ein besseres gegenseitiges Verst\u00e4ndnis<\/p>\n\n\n\n<p><strong>Wir wollen offen sein<\/strong><\/p>\n\n\n\n<p>f\u00fcr alle Herausforderungen, die der Kontakt mit dem Fremden mit sich bringt, uns unseren Vorurteilen stellen und \u00fcber alles sprechen, was Sie und uns im Zusammenhang mit den Fl\u00fcchtlingen bewegt.<\/p>\n\n\n\n<p><strong>Wir suchen<\/strong><\/p>\n\n\n\n<p>Menschen, die Interesse haben an Menschen aus anderen Kulturen, die sich ehrenamtlich f\u00fcr andere einsetzen und ihre Ideen und F\u00e4higkeiten einbringen wollen: Wir freuen uns auf Ihre Mitarbeit!<\/p>\n\n\n\n<figure class=\"wp-block-image size-large\"><a href=\"http:\/\/www.fleck-ev.de\/wp-content\/uploads\/2022\/12\/flyer_innen_mai_21_final-scaled.jpg\"><img loading=\"lazy\" decoding=\"async\" width=\"1024\" height=\"736\" src=\"http:\/\/www.fleck-ev.de\/wp-content\/uploads\/2022\/12\/flyer_innen_mai_21_final-1024x736.jpg\" alt=\"\" class=\"wp-image-4256\" srcset=\"http:\/\/www.fleck-ev.de\/wp-content\/uploads\/2022\/12\/flyer_innen_mai_21_final-1024x736.jpg 1024w, http:\/\/www.fleck-ev.de\/wp-content\/uploads\/2022\/12\/flyer_innen_mai_21_final-300x216.jpg 300w, http:\/\/www.fleck-ev.de\/wp-content\/uploads\/2022\/12\/flyer_innen_mai_21_final-768x552.jpg 768w, http:\/\/www.fleck-ev.de\/wp-content\/uploads\/2022\/12\/flyer_innen_mai_21_final-1536x1104.jpg 1536w, http:\/\/www.fleck-ev.de\/wp-content\/uploads\/2022\/12\/flyer_innen_mai_21_final-2048x1472.jpg 2048w\" sizes=\"auto, (max-width: 1024px) 100vw, 1024px\" \/><\/a><\/figure>\n\n\n\n<figure class=\"wp-block-image size-large\"><a href=\"http:\/\/www.fleck-ev.de\/wp-content\/uploads\/2022\/12\/flyer_aussen_mai_21_final-scaled.jpg\"><img loading=\"lazy\" decoding=\"async\" width=\"1024\" height=\"736\" src=\"http:\/\/www.fleck-ev.de\/wp-content\/uploads\/2022\/12\/flyer_aussen_mai_21_final-1024x736.jpg\" alt=\"\" class=\"wp-image-4257\" srcset=\"http:\/\/www.fleck-ev.de\/wp-content\/uploads\/2022\/12\/flyer_aussen_mai_21_final-1024x736.jpg 1024w, http:\/\/www.fleck-ev.de\/wp-content\/uploads\/2022\/12\/flyer_aussen_mai_21_final-300x216.jpg 300w, http:\/\/www.fleck-ev.de\/wp-content\/uploads\/2022\/12\/flyer_aussen_mai_21_final-768x552.jpg 768w, http:\/\/www.fleck-ev.de\/wp-content\/uploads\/2022\/12\/flyer_aussen_mai_21_final-1536x1104.jpg 1536w, http:\/\/www.fleck-ev.de\/wp-content\/uploads\/2022\/12\/flyer_aussen_mai_21_final-2048x1472.jpg 2048w\" sizes=\"auto, (max-width: 1024px) 100vw, 1024px\" \/><\/a><\/figure>\n","protected":false},"excerpt":{"rendered":"<p>Entstehung &nbsp; &nbsp; &nbsp; &nbsp; &nbsp; Satzung &nbsp; &nbsp; &nbsp; &nbsp; &nbsp; Mitglied werden &nbsp; &nbsp; &nbsp; &nbsp; &nbsp; Geldspenden Flucht stellt Menschen vor ungeheure Herausforderungen. Welche Notsituationen es auch sind, die Menschen dazu bewegen, ihre Heimat aufzugeben: Sie brauchen Hilfe, um in einem f\u00fcr sie fremden Land Fu\u00df zu fassen. Was tut FLEck e.V.? [&hellip;]<\/p>\n","protected":false},"author":1,"featured_media":0,"parent":0,"menu_order":1,"comment_status":"closed","ping_status":"closed","template":"","meta":{"_mc_calendar":[],"footnotes":""},"class_list":["post-23","page","type-page","status-publish","hentry"],"_links":{"self":[{"href":"http:\/\/www.fleck-ev.de\/index.php?rest_route=\/wp\/v2\/pages\/23","targetHints":{"allow":["GET"]}}],"collection":[{"href":"http:\/\/www.fleck-ev.de\/index.php?rest_route=\/wp\/v2\/pages"}],"about":[{"href":"http:\/\/www.fleck-ev.de\/index.php?rest_route=\/wp\/v2\/types\/page"}],"author":[{"embeddable":true,"href":"http:\/\/www.fleck-ev.de\/index.php?rest_route=\/wp\/v2\/users\/1"}],"replies":[{"embeddable":true,"href":"http:\/\/www.fleck-ev.de\/index.php?rest_route=%2Fwp%2Fv2%2Fcomments&post=23"}],"version-history":[{"count":12,"href":"http:\/\/www.fleck-ev.de\/index.php?rest_route=\/wp\/v2\/pages\/23\/revisions"}],"predecessor-version":[{"id":4258,"href":"http:\/\/www.fleck-ev.de\/index.php?rest_route=\/wp\/v2\/pages\/23\/revisions\/4258"}],"wp:attachment":[{"href":"http:\/\/www.fleck-ev.de\/index.php?rest_route=%2Fwp%2Fv2%2Fmedia&parent=23"}],"curies":[{"name":"wp","href":"https:\/\/api.w.org\/{rel}","templated":true}]}}