{"id":218,"date":"2014-12-03T13:42:05","date_gmt":"2014-12-03T11:42:05","guid":{"rendered":"http:\/\/www.fleck-ev.de\/?page_id=218"},"modified":"2025-02-10T18:27:06","modified_gmt":"2025-02-10T17:27:06","slug":"prolog","status":"publish","type":"page","link":"http:\/\/www.fleck-ev.de\/?page_id=218","title":{"rendered":"Vorwort"},"content":{"rendered":"<p>Ich habe versucht mir vorzustellen, wie das wohl w\u00e4re: mein Haus wurde gerade von einer Bombe zerst\u00f6rt &#8211; genau wie alle anderen um uns herum. Ich versuche gemeinsam mit meinem Mann uns und unsere Tochter in Sicherheit zu bringen. Daf\u00fcr fl\u00fcchten wir in ein Land, in dem keine Bomben fallen, wo Frieden und Wohlstand herrscht. Wir werden aufgenommen und landen in einer Notunterkunft: mit 80 anderen Menschen, die wir nicht kennen, schlafen wir in einer Turnhalle. Dann f\u00e4hrt uns ein Bus zu einem Haus, in dem wir die n\u00e4chsten Monate leben sollen, bis eine fremde Regierung entscheidet, ob wir bleiben d\u00fcrfen. Ich wei\u00df nicht, was die Zukunft bringt. Ich spreche die Sprache nicht, kann die Schrift nicht lesen. Ich bin zwar dankbar f\u00fcr jede Unterst\u00fctzung, aber es ist gleichzeitig auch ein schrecklich dem\u00fctigendes Gef\u00fchl auf Hilfe von Menschen angewiesen zu sein, die ich nicht kenne: schlie\u00dflich habe ich mein Leben bis jetzt gut im Griff gehabt, hatte eine Ausbildung, Arbeit, Pl\u00e4ne, Tr\u00e4ume&#8230; Und jetzt scheitere ich bei einer Fahrt von A nach B, weil ich nicht wei\u00df, wo Bus oder Bahn f\u00e4hrt, wie ich den Fahrplan lesen soll, wie ich eine Fahrkarte l\u00f6se, was das Geld wert ist, und und und&#8230;<br>So richtig vorstellen kann man sich das nicht, glaube ich, aber man kann erahnen, was Fl\u00fcchtlinge durchmachen. Stellen Sie sich vor: Ihr Haus wurde gerade von einer Bombe zerst\u00f6rt&#8230;<\/p>\n<p>FLEck Vorstand<\/p>\n\n\n<p>P.S.: Diese Zeilen wurden im Januar 2015 geschrieben. Leider sind sie im Jahr 2025 aktueller denn je.<\/p>\n","protected":false},"excerpt":{"rendered":"<p>Ich habe versucht mir vorzustellen, wie das wohl w\u00e4re: mein Haus wurde gerade von einer Bombe zerst\u00f6rt &#8211; genau wie alle anderen um uns herum. Ich versuche gemeinsam mit meinem Mann uns und unsere Tochter in Sicherheit zu bringen. Daf\u00fcr fl\u00fcchten wir in ein Land, in dem keine Bomben fallen, wo Frieden und Wohlstand herrscht. [&hellip;]<\/p>\n","protected":false},"author":1,"featured_media":0,"parent":23,"menu_order":0,"comment_status":"closed","ping_status":"closed","template":"","meta":{"_mc_calendar":[],"footnotes":""},"class_list":["post-218","page","type-page","status-publish","hentry"],"_links":{"self":[{"href":"http:\/\/www.fleck-ev.de\/index.php?rest_route=\/wp\/v2\/pages\/218","targetHints":{"allow":["GET"]}}],"collection":[{"href":"http:\/\/www.fleck-ev.de\/index.php?rest_route=\/wp\/v2\/pages"}],"about":[{"href":"http:\/\/www.fleck-ev.de\/index.php?rest_route=\/wp\/v2\/types\/page"}],"author":[{"embeddable":true,"href":"http:\/\/www.fleck-ev.de\/index.php?rest_route=\/wp\/v2\/users\/1"}],"replies":[{"embeddable":true,"href":"http:\/\/www.fleck-ev.de\/index.php?rest_route=%2Fwp%2Fv2%2Fcomments&post=218"}],"version-history":[{"count":8,"href":"http:\/\/www.fleck-ev.de\/index.php?rest_route=\/wp\/v2\/pages\/218\/revisions"}],"predecessor-version":[{"id":4915,"href":"http:\/\/www.fleck-ev.de\/index.php?rest_route=\/wp\/v2\/pages\/218\/revisions\/4915"}],"up":[{"embeddable":true,"href":"http:\/\/www.fleck-ev.de\/index.php?rest_route=\/wp\/v2\/pages\/23"}],"wp:attachment":[{"href":"http:\/\/www.fleck-ev.de\/index.php?rest_route=%2Fwp%2Fv2%2Fmedia&parent=218"}],"curies":[{"name":"wp","href":"https:\/\/api.w.org\/{rel}","templated":true}]}}